{"id":1712,"date":"2024-03-17T16:21:10","date_gmt":"2024-03-17T07:21:10","guid":{"rendered":"https:\/\/chuannhat.jp\/?page_id=1712"},"modified":"2024-03-17T16:22:33","modified_gmt":"2024-03-17T07:22:33","slug":"manh-nguyen","status":"publish","type":"page","link":"https:\/\/chuannhat.jp\/?page_id=1712","title":{"rendered":"Gi\u1edbi thi\u1ec7u s\u01a1 l\u01b0\u1ee3c v\u1ec1 M\u1ea1nh Nguy\u1ec5n"},"content":{"rendered":"\n<p>Gi\u1edbi thi\u1ec7u s\u01a1 l\u01b0\u1ee3c v\u1ec1 <a href=\"https:\/\/www.facebook.com\/manhnguyenlegal?__cft__[0]=AZVlBGiSDM2tAQKG46vIckEhVRyYC9Z-fy21dATz231qEwxXq3ktAACmoYvsBXuhqlPN1c2dzOaqRu28NDRBs7_oO5KdjHDuDJLXu85tj0nCTKvlIVO8hjTbj_edVK2SM2jTQxE0MnJc1zezvbrBt0hj&amp;__tn__=-]K-R\">M\u1ea1nh Nguy\u1ec5n<\/a><\/p>\n\n\n\n<p>\u30d9\u30c8\u30ca\u30e0\u4eba\u3067\u3042\u308b\u30d9\u30c8\u30ca\u30e0\u5c02\u9580\u5bb6\u3068\u3057\u3066\u6d3b\u52d5\u3057\u3066\u304a\u308a\u307e\u3059\u3002<\/p>\n\n\n\n<p>C\u00e1ch l\u0129nh v\u1ef1c ho\u1ea1t \u0111\u1ed9ng ch\u00ednh:<\/p>\n\n\n\n<p>\u2022 T\u01b0 <a><\/a>c\u00e1ch l\u01b0u tr\u00fa (VISA)<\/p>\n\n\n\n<p>\u2022 Phi\u00ean d\u1ecbch t\u1ea1i \u1edf c\u1ea3nh s\u00e1t Hamamatsu<\/p>\n\n\n\n<p>\u2022 Phi\u00ean d\u1ecbch t\u1ea1i H\u1ed9i Lu\u1eadt s\u01b0 t\u1ec9nh Shizuoka<\/p>\n\n\n\n<p>\u2022 Qu\u1ea3n l\u00fd v\u00e0 phi\u00ean d\u1ecbch th\u1ef1c t\u1eadp sinh<\/p>\n\n\n\n<p>\u2022 Tr\u01b0\u1edfng d\u1ef1 \u00e1n KIS-GE Internship Program t\u1ea1i Tr\u01b0\u1eddng \u0110\u1ea1i h\u1ecdc Khoa h\u1ecdc Hu\u1ebf<\/p>\n\n\n\n<p>\u2022 Lu\u1eadt h\u00e0nh ch\u00ednh KIS KONDO<\/p>\n\n\n\n<p>\u2022 T\u01b0 v\u1ea5n \u0111\u1ea7u t\u01b0 gi\u1eefa Vi\u1ec7t Nam v\u00e0 Nh\u1eadt B\u1ea3n<\/p>\n\n\n\n<p>\u2022 Xu\u1ea5t nh\u1eadp kh\u1ea9u gi\u1eefa Vi\u1ec7t Nam v\u00e0 Nh\u1eadt B\u1ea3n<\/p>\n\n\n\n<p>Qu\u00e1 tr\u00ecnh h\u1ecdc t\u1eadp<\/p>\n\n\n\n<p>\u2022 T\u1ed1t nghi\u1ec7p tr\u01b0\u1eddng ti\u1ebfng nh\u1eadt \u30ed\u30b4\u30b9\u56fd\u969b\u5b66\u9662<\/p>\n\n\n\n<p>\u2022 T\u1ed1t nghi\u1ec7p tr\u01b0\u1eddng \u65e5\u672c\u5065\u5eb7\u533b\u7642\u5c02\u9580\u5b66\u6821<\/p>\n\n\n\n<p>\u2022 Nh\u1eadp h\u1ecdc \u0110\u1ea1i h\u1ecdc Kanagawa chuy\u00ean ng\u00e0nh kinh doanh qu\u1ed1c t\u1ebf<\/p>\n\n\n\n<p>V\u1edbi nhi\u1ec1u n\u0103m tr\u1ea3i qua th\u1eed th\u00e1ch v\u00e0 nhi\u1ec1u l\u1ea7n tr\u1ea3i qua qu\u00e1 tr\u00ecnh kh\u1edfi nghi\u1ec7p, t\u00f4i c\u00f3 th\u1ec3 \u0111em \u0111\u1ebfn cho b\u1ea1n nh\u1eefng s\u1ef1 t\u01b0 v\u1ea5n t\u1ed1t nh\u1ea5t v\u00e0 chuy\u00ean nghi\u1ec7p nh\u1ea5t.\/.<\/p>\n\n\n\n<p>\u3012171-0021 \u6771\u4eac\u90fd\u8c4a\u5cf6\u533a\u897f\u6c60\u888b\u4e00\u4e01\u76ee29\u22125 \u5c71\u306e\u624b\u30d3\u30eb\u300012\u968e ( Ga IKEBUKURO )<\/p>\n\n\n\n<p><img loading=\"lazy\" decoding=\"async\" height=\"16\" width=\"16\" alt=\"\u260e\ufe0f\" src=\"https:\/\/static.xx.fbcdn.net\/images\/emoji.php\/v9\/ta9\/1.5\/16\/260e.png\">\u300003-6914-0299<\/p>\n\n\n\n<figure class=\"wp-block-embed is-type-rich is-provider-tiktok wp-block-embed-tiktok\"><div class=\"wp-block-embed__wrapper\">\n<blockquote class=\"tiktok-embed\" cite=\"https:\/\/www.tiktok.com\/@manhnguyenlegal\" data-unique-id=\"manhnguyenlegal\" data-embed-from=\"oembed\" data-embed-type=\"creator\" style=\"max-width:780px; min-width:288px;\"> <section> <a target=\"_blank\" href=\"https:\/\/www.tiktok.com\/@manhnguyenlegal?refer=creator_embed\">@manhnguyenlegal<\/a> <\/section> <\/blockquote> <script async src=\"https:\/\/www.tiktok.com\/embed.js\"><\/script>\n<\/div><\/figure>\n\n\n\n<p>MANH NGUYEN LEGAL<\/p>\n","protected":false},"excerpt":{"rendered":"<p>Gi\u1edbi thi\u1ec7u s\u01a1 l\u01b0\u1ee3c v\u1ec1 M\u1ea1nh Nguy\u1ec5n \u30d9\u30c8\u30ca\u30e0\u4eba\u3067\u3042\u308b\u30d9\u30c8\u30ca\u30e0\u5c02\u9580\u5bb6\u3068\u3057\u3066\u6d3b\u52d5\u3057\u3066\u304a\u308a\u307e\u3059\u3002 C\u00e1ch l\u0129nh v\u1ef1c ho\u1ea1t \u0111\u1ed9ng ch\u00ednh: \u2022 T\u01b0 c\u00e1ch l\u01b0u tr\u00fa (VISA) \u2022 Phi\u00ean d\u1ecbch t\u1ea1i \u1edf c\u1ea3nh s\u00e1t Hamamatsu \u2022 Phi\u00ean d\u1ecbch t\u1ea1i H\u1ed9i Lu\u1eadt s\u01b0 t\u1ec9nh Shizuoka \u2022 Qu\u1ea3n l\u00fd v\u00e0 phi\u00ean d\u1ecbch th\u1ef1c t\u1eadp sinh \u2022 Tr\u01b0\u1edfng d\u1ef1 \u00e1n&#8230;<\/p>\n","protected":false},"author":1,"featured_media":1547,"parent":0,"menu_order":0,"comment_status":"closed","ping_status":"closed","template":"","meta":{"footnotes":""},"class_list":["post-1712","page","type-page","status-publish","has-post-thumbnail","hentry"],"yoast_head":"<!-- This site is optimized with the Yoast SEO plugin v24.6 - https:\/\/yoast.com\/wordpress\/plugins\/seo\/ -->\n<title>Gi\u1edbi thi\u1ec7u s\u01a1 l\u01b0\u1ee3c v\u1ec1 M\u1ea1nh Nguy\u1ec5n | M\u1ea0NH NGUY\u1ec4N LEGAL<\/title>\n<meta name=\"description\" content=\"M\u1ea0NH NGUY\u1ec4N LEGAL\" \/>\n<meta name=\"robots\" content=\"index, follow, max-snippet:-1, max-image-preview:large, max-video-preview:-1\" \/>\n<link rel=\"canonical\" href=\"https:\/\/chuannhat.jp\/?page_id=1712\" \/>\n<meta property=\"og:locale\" content=\"vi_VN\" \/>\n<meta property=\"og:type\" content=\"article\" \/>\n<meta property=\"og:title\" content=\"Gi\u1edbi thi\u1ec7u s\u01a1 l\u01b0\u1ee3c v\u1ec1 M\u1ea1nh Nguy\u1ec5n | M\u1ea0NH NGUY\u1ec4N LEGAL\" \/>\n<meta property=\"og:description\" content=\"M\u1ea0NH NGUY\u1ec4N LEGAL\" \/>\n<meta property=\"og:url\" content=\"https:\/\/chuannhat.jp\/?page_id=1712\" \/>\n<meta property=\"og:site_name\" content=\"M\u1ea0NH NGUY\u1ec4N LEGAL\" \/>\n<meta property=\"article:publisher\" content=\"https:\/\/www.facebook.com\/manhnguyenlegal\/\" \/>\n<meta property=\"article:modified_time\" content=\"2024-03-17T07:22:33+00:00\" \/>\n<meta property=\"og:image\" content=\"https:\/\/chuannhat.jp\/wp-content\/uploads\/2024\/03\/z5248408234036_2089921bb52108dc04c8097951aa6d2e.jpg\" \/>\n\t<meta property=\"og:image:width\" content=\"1276\" \/>\n\t<meta property=\"og:image:height\" content=\"718\" \/>\n\t<meta property=\"og:image:type\" content=\"image\/jpeg\" \/>\n<meta name=\"twitter:card\" content=\"summary_large_image\" \/>\n<meta name=\"twitter:label1\" content=\"\u01af\u1edbc t\u00ednh th\u1eddi gian \u0111\u1ecdc\" \/>\n\t<meta name=\"twitter:data1\" content=\"1 ph\u00fat\" \/>\n<script type=\"application\/ld+json\" class=\"yoast-schema-graph\">{\"@context\":\"https:\/\/schema.org\",\"@graph\":[{\"@type\":\"WebPage\",\"@id\":\"https:\/\/chuannhat.jp\/?page_id=1712\",\"url\":\"https:\/\/chuannhat.jp\/?page_id=1712\",\"name\":\"Gi\u1edbi thi\u1ec7u s\u01a1 l\u01b0\u1ee3c v\u1ec1 M\u1ea1nh Nguy\u1ec5n | M\u1ea0NH NGUY\u1ec4N LEGAL\",\"isPartOf\":{\"@id\":\"https:\/\/chuannhat.jp\/#website\"},\"primaryImageOfPage\":{\"@id\":\"https:\/\/chuannhat.jp\/?page_id=1712#primaryimage\"},\"image\":{\"@id\":\"https:\/\/chuannhat.jp\/?page_id=1712#primaryimage\"},\"thumbnailUrl\":\"https:\/\/chuannhat.jp\/wp-content\/uploads\/2024\/03\/z5248408234036_2089921bb52108dc04c8097951aa6d2e.jpg\",\"datePublished\":\"2024-03-17T07:21:10+00:00\",\"dateModified\":\"2024-03-17T07:22:33+00:00\",\"description\":\"M\u1ea0NH NGUY\u1ec4N LEGAL\",\"breadcrumb\":{\"@id\":\"https:\/\/chuannhat.jp\/?page_id=1712#breadcrumb\"},\"inLanguage\":\"vi\",\"potentialAction\":[{\"@type\":\"ReadAction\",\"target\":[\"https:\/\/chuannhat.jp\/?page_id=1712\"]}]},{\"@type\":\"ImageObject\",\"inLanguage\":\"vi\",\"@id\":\"https:\/\/chuannhat.jp\/?page_id=1712#primaryimage\",\"url\":\"https:\/\/chuannhat.jp\/wp-content\/uploads\/2024\/03\/z5248408234036_2089921bb52108dc04c8097951aa6d2e.jpg\",\"contentUrl\":\"https:\/\/chuannhat.jp\/wp-content\/uploads\/2024\/03\/z5248408234036_2089921bb52108dc04c8097951aa6d2e.jpg\",\"width\":1276,\"height\":718},{\"@type\":\"BreadcrumbList\",\"@id\":\"https:\/\/chuannhat.jp\/?page_id=1712#breadcrumb\",\"itemListElement\":[{\"@type\":\"ListItem\",\"position\":1,\"name\":\"Trang ch\u1ee7\",\"item\":\"https:\/\/chuannhat.jp\/\"},{\"@type\":\"ListItem\",\"position\":2,\"name\":\"Gi\u1edbi thi\u1ec7u s\u01a1 l\u01b0\u1ee3c v\u1ec1 M\u1ea1nh Nguy\u1ec5n\"}]},{\"@type\":\"WebSite\",\"@id\":\"https:\/\/chuannhat.jp\/#website\",\"url\":\"https:\/\/chuannhat.jp\/\",\"name\":\"VISA CHU\u1ea8N NH\u1eacT\",\"description\":\"VISA KINH DOANH\",\"publisher\":{\"@id\":\"https:\/\/chuannhat.jp\/#organization\"},\"alternateName\":\"VISA KINH DOANH\",\"potentialAction\":[{\"@type\":\"SearchAction\",\"target\":{\"@type\":\"EntryPoint\",\"urlTemplate\":\"https:\/\/chuannhat.jp\/?s={search_term_string}\"},\"query-input\":{\"@type\":\"PropertyValueSpecification\",\"valueRequired\":true,\"valueName\":\"search_term_string\"}}],\"inLanguage\":\"vi\"},{\"@type\":\"Organization\",\"@id\":\"https:\/\/chuannhat.jp\/#organization\",\"name\":\"VISA KINH DOANH\",\"alternateName\":\"VISA KINH DOANH\",\"url\":\"https:\/\/chuannhat.jp\/\",\"logo\":{\"@type\":\"ImageObject\",\"inLanguage\":\"vi\",\"@id\":\"https:\/\/chuannhat.jp\/#\/schema\/logo\/image\/\",\"url\":\"https:\/\/chuannhat.jp\/wp-content\/uploads\/2024\/03\/chuanvisa-.jp-3.png\",\"contentUrl\":\"https:\/\/chuannhat.jp\/wp-content\/uploads\/2024\/03\/chuanvisa-.jp-3.png\",\"width\":497,\"height\":123,\"caption\":\"VISA KINH DOANH\"},\"image\":{\"@id\":\"https:\/\/chuannhat.jp\/#\/schema\/logo\/image\/\"},\"sameAs\":[\"https:\/\/www.facebook.com\/manhnguyenlegal\/\"]}]}<\/script>\n<!-- \/ Yoast SEO plugin. -->","yoast_head_json":{"title":"Gi\u1edbi thi\u1ec7u s\u01a1 l\u01b0\u1ee3c v\u1ec1 M\u1ea1nh Nguy\u1ec5n | M\u1ea0NH NGUY\u1ec4N LEGAL","description":"M\u1ea0NH NGUY\u1ec4N LEGAL","robots":{"index":"index","follow":"follow","max-snippet":"max-snippet:-1","max-image-preview":"max-image-preview:large","max-video-preview":"max-video-preview:-1"},"canonical":"https:\/\/chuannhat.jp\/?page_id=1712","og_locale":"vi_VN","og_type":"article","og_title":"Gi\u1edbi thi\u1ec7u s\u01a1 l\u01b0\u1ee3c v\u1ec1 M\u1ea1nh Nguy\u1ec5n | M\u1ea0NH NGUY\u1ec4N LEGAL","og_description":"M\u1ea0NH NGUY\u1ec4N LEGAL","og_url":"https:\/\/chuannhat.jp\/?page_id=1712","og_site_name":"M\u1ea0NH NGUY\u1ec4N LEGAL","article_publisher":"https:\/\/www.facebook.com\/manhnguyenlegal\/","article_modified_time":"2024-03-17T07:22:33+00:00","og_image":[{"width":1276,"height":718,"url":"https:\/\/chuannhat.jp\/wp-content\/uploads\/2024\/03\/z5248408234036_2089921bb52108dc04c8097951aa6d2e.jpg","type":"image\/jpeg"}],"twitter_card":"summary_large_image","twitter_misc":{"\u01af\u1edbc t\u00ednh th\u1eddi gian \u0111\u1ecdc":"1 ph\u00fat"},"schema":{"@context":"https:\/\/schema.org","@graph":[{"@type":"WebPage","@id":"https:\/\/chuannhat.jp\/?page_id=1712","url":"https:\/\/chuannhat.jp\/?page_id=1712","name":"Gi\u1edbi thi\u1ec7u s\u01a1 l\u01b0\u1ee3c v\u1ec1 M\u1ea1nh Nguy\u1ec5n | M\u1ea0NH NGUY\u1ec4N LEGAL","isPartOf":{"@id":"https:\/\/chuannhat.jp\/#website"},"primaryImageOfPage":{"@id":"https:\/\/chuannhat.jp\/?page_id=1712#primaryimage"},"image":{"@id":"https:\/\/chuannhat.jp\/?page_id=1712#primaryimage"},"thumbnailUrl":"https:\/\/chuannhat.jp\/wp-content\/uploads\/2024\/03\/z5248408234036_2089921bb52108dc04c8097951aa6d2e.jpg","datePublished":"2024-03-17T07:21:10+00:00","dateModified":"2024-03-17T07:22:33+00:00","description":"M\u1ea0NH NGUY\u1ec4N LEGAL","breadcrumb":{"@id":"https:\/\/chuannhat.jp\/?page_id=1712#breadcrumb"},"inLanguage":"vi","potentialAction":[{"@type":"ReadAction","target":["https:\/\/chuannhat.jp\/?page_id=1712"]}]},{"@type":"ImageObject","inLanguage":"vi","@id":"https:\/\/chuannhat.jp\/?page_id=1712#primaryimage","url":"https:\/\/chuannhat.jp\/wp-content\/uploads\/2024\/03\/z5248408234036_2089921bb52108dc04c8097951aa6d2e.jpg","contentUrl":"https:\/\/chuannhat.jp\/wp-content\/uploads\/2024\/03\/z5248408234036_2089921bb52108dc04c8097951aa6d2e.jpg","width":1276,"height":718},{"@type":"BreadcrumbList","@id":"https:\/\/chuannhat.jp\/?page_id=1712#breadcrumb","itemListElement":[{"@type":"ListItem","position":1,"name":"Trang ch\u1ee7","item":"https:\/\/chuannhat.jp\/"},{"@type":"ListItem","position":2,"name":"Gi\u1edbi thi\u1ec7u s\u01a1 l\u01b0\u1ee3c v\u1ec1 M\u1ea1nh Nguy\u1ec5n"}]},{"@type":"WebSite","@id":"https:\/\/chuannhat.jp\/#website","url":"https:\/\/chuannhat.jp\/","name":"VISA CHU\u1ea8N NH\u1eacT","description":"VISA KINH DOANH","publisher":{"@id":"https:\/\/chuannhat.jp\/#organization"},"alternateName":"VISA KINH DOANH","potentialAction":[{"@type":"SearchAction","target":{"@type":"EntryPoint","urlTemplate":"https:\/\/chuannhat.jp\/?s={search_term_string}"},"query-input":{"@type":"PropertyValueSpecification","valueRequired":true,"valueName":"search_term_string"}}],"inLanguage":"vi"},{"@type":"Organization","@id":"https:\/\/chuannhat.jp\/#organization","name":"VISA KINH DOANH","alternateName":"VISA KINH DOANH","url":"https:\/\/chuannhat.jp\/","logo":{"@type":"ImageObject","inLanguage":"vi","@id":"https:\/\/chuannhat.jp\/#\/schema\/logo\/image\/","url":"https:\/\/chuannhat.jp\/wp-content\/uploads\/2024\/03\/chuanvisa-.jp-3.png","contentUrl":"https:\/\/chuannhat.jp\/wp-content\/uploads\/2024\/03\/chuanvisa-.jp-3.png","width":497,"height":123,"caption":"VISA KINH DOANH"},"image":{"@id":"https:\/\/chuannhat.jp\/#\/schema\/logo\/image\/"},"sameAs":["https:\/\/www.facebook.com\/manhnguyenlegal\/"]}]}},"_links":{"self":[{"href":"https:\/\/chuannhat.jp\/index.php?rest_route=\/wp\/v2\/pages\/1712","targetHints":{"allow":["GET"]}}],"collection":[{"href":"https:\/\/chuannhat.jp\/index.php?rest_route=\/wp\/v2\/pages"}],"about":[{"href":"https:\/\/chuannhat.jp\/index.php?rest_route=\/wp\/v2\/types\/page"}],"author":[{"embeddable":true,"href":"https:\/\/chuannhat.jp\/index.php?rest_route=\/wp\/v2\/users\/1"}],"replies":[{"embeddable":true,"href":"https:\/\/chuannhat.jp\/index.php?rest_route=%2Fwp%2Fv2%2Fcomments&post=1712"}],"version-history":[{"count":2,"href":"https:\/\/chuannhat.jp\/index.php?rest_route=\/wp\/v2\/pages\/1712\/revisions"}],"predecessor-version":[{"id":1715,"href":"https:\/\/chuannhat.jp\/index.php?rest_route=\/wp\/v2\/pages\/1712\/revisions\/1715"}],"wp:featuredmedia":[{"embeddable":true,"href":"https:\/\/chuannhat.jp\/index.php?rest_route=\/wp\/v2\/media\/1547"}],"wp:attachment":[{"href":"https:\/\/chuannhat.jp\/index.php?rest_route=%2Fwp%2Fv2%2Fmedia&parent=1712"}],"curies":[{"name":"wp","href":"https:\/\/api.w.org\/{rel}","templated":true}]}}