{"id":1607,"date":"2024-03-17T10:47:59","date_gmt":"2024-03-17T01:47:59","guid":{"rendered":"https:\/\/chuannhat.jp\/?page_id=1607"},"modified":"2024-03-17T10:47:59","modified_gmt":"2024-03-17T01:47:59","slug":"visa-kinh-doanh","status":"publish","type":"page","link":"https:\/\/chuannhat.jp\/?page_id=1607","title":{"rendered":"VISA KINH DOANH"},"content":{"rendered":"\n<p>Visa n\u00e0y c\u00f2n \u0111\u01b0\u1ee3c g\u1ecdi l\u00e0 \u201c<strong>Visa gi\u00e1m \u0111\u1ed1c\u201d<\/strong>. V\u00ec \u0111\u00e2y l\u00e0 visa d\u00e0nh cho ng\u01b0\u1eddi n\u01b0\u1edbc ngo\u00e0i \u0111\u1ea7u t\u01b0 ho\u1eb7c qu\u1ea3n l\u00fd kinh doanh \u1edf Nh\u1eadt nh\u01b0 CEO, ng\u01b0\u1eddi gi\u00e1m s\u00e1t, tr\u01b0\u1edfng ph\u00f2ng, gi\u00e1m \u0111\u1ed1c nh\u00e0 m\u00e1y, qu\u1ea3n l\u00fd c\u1eeda h\u00e0ng, v.v..<\/p>\n\n\n\n<p>Tr\u01b0\u1edbc \u0111\u00e2y, nh\u1eefng ng\u01b0\u1eddi mu\u1ed1n xin&nbsp;<strong>Visa Kinh doanh<\/strong>&nbsp;s\u1ebd \u0111\u01b0\u1ee3c c\u1ea5p visa 4 th\u00e1ng \u0111\u1ec3 sang Nh\u1eadt l\u00e0m th\u1ee7 t\u1ee5c \u0111\u0103ng k\u00fd th\u00e0nh l\u1eadp c\u00f4ng ty v\u00e0 th\u1ee7 t\u1ee5c chuy\u1ec3n \u0111\u1ed5i visa.<\/p>\n\n\n\n<p>Tuy nhi\u00ean \u0111i\u1ec1u n\u00e0y g\u00e2y ra nhi\u1ec1u c\u1ea3n tr\u1edf v\u00ec r\u1ea5t kh\u00f3 \u0111\u1ec3 ho\u00e0n th\u00e0nh th\u1ee7 t\u1ee5c trong v\u00f2ng 4 th\u00e1ng v\u1edbi t\u01b0 c\u00e1ch l\u00e0 ng\u01b0\u1eddi n\u01b0\u1edbc ngo\u00e0i. V\u00ec v\u1eady, Ch\u00ednh ph\u1ee7 \u0111\u00e3 n\u1edbi l\u1ecfng lu\u1eadt n\u00e0y. Theo \u0111\u00f3, h\u1ee7y b\u1ecf visa 4 th\u00e1ng n\u00e0y, v\u00e0&nbsp;<strong>cho ph\u00e9p nh\u1eefng ng\u01b0\u1eddi n\u01b0\u1edbc ngo\u00e0i c\u01b0 tr\u00fa t\u1ea1i n\u01b0\u1edbc ngo\u00e0i th\u00e0nh l\u1eadp c\u00f4ng ty \u1edf Nh\u1eadt m\u00e0 kh\u00f4ng c\u1ea7n sang Nh\u1eadt.<\/strong><\/p>\n\n\n\n<h3 class=\"wp-block-heading\">Tr\u00ecnh t\u1ef1 xin visa Kinh doanh \u1edf Nh\u1eadt<\/h3>\n\n\n\n<p>Qu\u00e1 tr\u00ecnh xin visa Kinh doanh \u1edf Nh\u1eadt c\u00f3 th\u1ec3 \u0111\u01b0\u1ee3c t\u00f3m g\u1ecdn trong 3 b\u01b0\u1edbc sau:<\/p>\n\n\n\n<p><strong>B\u01b0\u1edbc 1<\/strong>: X\u00e2y d\u1ef1ng \u0110i\u1ec1u l\u1ec7 c\u00f4ng ty<\/p>\n\n\n\n<p><strong>B\u01b0\u1edbc 2<\/strong>: \u0110\u0103ng k\u00fd th\u00e0nh l\u1eadp c\u00f4ng ty<\/p>\n\n\n\n<p><strong>B\u01b0\u1edbc 3<\/strong>: \u0110\u0103ng k\u00fd xin visa Kinh doanh<\/p>\n\n\n\n<p>(N\u1ebfu b\u1ea1n \u0111\u01b0\u1ee3c \u0111i\u1ec1u \u0111\u1ebfn Nh\u1eadt \u0111\u1ec3 qu\u1ea3n l\u00fd c\u00f4ng ty con th\u00ec c\u00f3 th\u1ec3 b\u1ecf qua 2 b\u01b0\u1edbc \u0111\u1ea7u)<\/p>\n\n\n\n<h4 class=\"wp-block-heading\"><strong>B\u01b0\u1edbc 1: X\u00e2y d\u1ef1ng \u0110i\u1ec1u l\u1ec7 c\u00f4ng ty (\u5b9a\u6b3e)<\/strong><\/h4>\n\n\n\n<p>\u0110\u1ea7u ti\u00ean, b\u1ea1n c\u1ea7n&nbsp;<strong>x\u00e2y d\u1ef1ng \u0110i\u1ec1u l\u1ec7 c\u00f4ng ty v\u00e0 l\u1ea5y ch\u1ee9ng nh\u1eadn c\u1ee7a C\u00f4ng ch\u1ee9ng vi\u00ean<\/strong>.<\/p>\n\n\n\n<h5 class=\"wp-block-heading\"><strong>Qu\u00e1 tr\u00ecnh x\u00e2y d\u1ef1ng \u0110i\u1ec1u l\u1ec7 c\u00f4ng ty c\u00f3 th\u1ec3 chia nh\u1ecf th\u00e0nh 5 giai \u0111o\u1ea1n<\/strong><\/h5>\n\n\n\n<p>1. X\u00e1c \u0111\u1ecbnh \u0111\u1ecba \u0111i\u1ec3m thu\u00ea v\u0103n ph\u00f2ng \u1edf khu v\u1ef1c n\u00e0o (ch\u01b0a c\u1ea7n \u0111\u1ecba ch\u1ec9 c\u1ee5 th\u1ec3 v\u00e0 ch\u01b0a c\u1ea7n k\u00fd h\u1ee3p \u0111\u1ed3ng cho thu\u00ea)<\/p>\n\n\n\n<p>2. So\u1ea1n th\u1ea3o v\u0103n b\u1ea3n \u0110i\u1ec1u l\u1ec7 c\u00f4ng ty<\/p>\n\n\n\n<p>3. X\u00e1c nh\u1eadn n\u1ed9i dung \u0110i\u1ec1u l\u1ec7 c\u00f4ng ty v\u1edbi C\u00f4ng ch\u1ee9ng vi\u00ean<\/p>\n\n\n\n<p>4. K\u00fd ch\u1eef k\u00fd \u0111i\u1ec7n t\u1eed v\u00e0 \u0111\u00f3ng d\u1ea5u v\u00e0o \u0110i\u1ec1u l\u1ec7 c\u00f4ng ty<\/p>\n\n\n\n<p>5. L\u1ea5y ch\u1ee9ng nh\u00e2n c\u1ee7a C\u00f4ng ch\u1ee9ng vi\u00ean cho \u0110i\u1ec1u l\u1ec7 c\u00f4ng ty<\/p>\n\n\n\n<h5 class=\"wp-block-heading\"><strong>6 m\u1ee5c th\u00f4ng tin c\u1ea7n c\u00f3 trong v\u0103n b\u1ea3n \u0110i\u1ec1u l\u1ec7 c\u00f4ng ty c\u1ed5 ph\u1ea7n<\/strong><\/h5>\n\n\n\n<p>1. T\u00ean c\u00f4ng ty (\u5546\u53f7)<\/p>\n\n\n\n<p>2. M\u1ee5c \u0111\u00edch (n\u1ed9i dung kinh doanh) (\u76ee\u7684)<\/p>\n\n\n\n<p>3. Tr\u1ee5 s\u1edf (\u672c\u5e97)<\/p>\n\n\n\n<p>4. S\u1ed1 v\u1ed1n \u0111\u1ea7u t\u01b0 (\u51fa\u8cc7\u3055\u308c\u308b\u8ca1\u7523\u306e\u4fa1\u984d)<\/p>\n\n\n\n<p>5. T\u00ean v\u00e0 \u0111\u1ecba ch\u1ec9 c\u1ee7a ng\u01b0\u1eddi s\u00e1ng l\u1eadp (\u767a\u8d77\u4eba\u306e\u6c0f\u540d\u304a\u3088\u3073\u4f4f\u6240)<\/p>\n\n\n\n<p>6. T\u1ed5ng s\u1ed1 c\u1ed5 phi\u1ebfu c\u00f3 th\u1ec3 ph\u00e1t h\u00e0nh (\u767a\u884c\u53ef\u80fd\u682a\u5f0f\u7dcf\u6570)<\/p>\n\n\n\n<h4 class=\"wp-block-heading\"><strong>B\u01b0\u1edbc 2: \u0110\u0103ng k\u00fd th\u00e0nh l\u1eadp c\u00f4ng ty \u1edf Nh\u1eadt<\/strong><\/h4>\n\n\n\n<p>Sau khi ho\u00e0n th\u00e0nh b\u01b0\u1edbc x\u00e2y d\u1ef1ng \u0110i\u1ec1u l\u1ec7 c\u00f4ng ty, b\u1ea1n c\u1ea7n ho\u00e0n th\u00e0nh th\u1ee7 t\u1ee5c \u0111\u0103ng k\u00fd th\u00e0nh l\u1eadp c\u00f4ng ty \u1edf Nh\u1eadt.<\/p>\n\n\n\n<h5 class=\"wp-block-heading\"><strong>3 \u0111i\u1ec1u ki\u1ec7n ch\u00ednh cho vi\u1ec7c th\u00e0nh l\u1eadp c\u00f4ng ty \u1edf Nh\u1eadt<\/strong><\/h5>\n\n\n\n<h5 class=\"wp-block-heading\"><strong><em>\u0110i\u1ec1u ki\u1ec7n 1: V\u1ec1 v\u1ed1n \u0111i\u1ec1u l\u1ec7<\/em><\/strong><\/h5>\n\n\n\n<p>C\u00f3 v\u1ed1n \u0111i\u1ec1u l\u1ec7&nbsp;<strong>\u00edt nh\u1ea5t l\u00e0 5,000,000 y\u00ean (\u2248 1 t\u1ef7 \u0111\u1ed3ng)<\/strong>&nbsp;HO\u1eb6C&nbsp;<strong>c\u00f3 \u00edt nh\u1ea5t 02 nh\u00e2n vi\u00ean ch\u00ednh th\u1ee9c \u0111ang s\u1ed1ng t\u1ea1i Nh\u1eadt v\u00e0 kh\u00f4ng c\u00f3 gi\u1edbi h\u1ea1n lao \u0111\u1ed9ng<\/strong>&nbsp;(ng\u01b0\u1eddi Nh\u1eadt, visa v\u0129nh tr\u00fa, visa v\u1ee3\/ch\u1ed3ng l\u00e0 ng\u01b0\u1eddi Nh\u1eadt, visa v\u1ee3\/ch\u1ed3ng c\u00f3 t\u01b0 c\u00e1ch v\u0129nh tr\u00fa, visa \u0111\u1ecbnh tr\u00fa).<\/p>\n\n\n\n<p><em>L\u01b0u \u00fd:<\/em>&nbsp;Theo nguy\u00ean t\u1eafc th\u00ec<strong>&nbsp;ch\u1ec9 c\u1ea7n th\u1ecfa m\u00e3n 1 trong 2 \u0111i\u1ec1u ki\u1ec7n tr\u00ean<\/strong>&nbsp;l\u00e0 c\u00f3 th\u1ec3 th\u00e0nh l\u1eadp \u0111\u01b0\u1ee3c c\u00f4ng ty, tuy nhi\u00ean n\u1ebfu th\u1ecfa m\u00e3n \u0111\u01b0\u1ee3c c\u1ea3 2 \u0111i\u1ec1u ki\u1ec7n s\u1ebd t\u0103ng kh\u1ea3 n\u0103ng \u0111\u01b0\u1ee3c c\u1ea5p ph\u00e9p<\/p>\n\n\n\n<p>\u0110\u1ed1i v\u1edbi tr\u01b0\u1eddng h\u1ee3p m\u1edf nh\u00e0 h\u00e0ng \u0103n u\u1ed1ng ho\u1eb7c t\u1ea1p h\u00f3a, c\u1ea7n li\u1ec7t k\u00ea nh\u00e2n vi\u00ean b\u1ebfp, nh\u00e2n vi\u00ean l\u00e0m th\u00eam.<\/p>\n\n\n\n<h5 class=\"wp-block-heading\"><strong><em>\u0110i\u1ec1u ki\u1ec7n 2: V\u1ec1 tr\u1ee5 s\u1edf v\u0103n ph\u00f2ng<\/em><\/strong><\/h5>\n\n\n\n<p>C\u00f3 tr\u1ee5 s\u1edf v\u0103n ph\u00f2ng \u1edf Nh\u1eadt d\u00e0nh ri\u00eang cho vi\u1ec7c kinh doanh (ch\u1ee9ng minh b\u1eb1ng ph\u1ea7n M\u1ee5c \u0111\u00edch s\u1eed d\u1ee5ng trong H\u1ee3p \u0111\u1ed3ng cho thu\u00ea v\u0103n ph\u00f2ng)<\/p>\n\n\n\n<h5 class=\"wp-block-heading\"><strong><em>\u0110i\u1ec1u ki\u1ec7n 3: C\u00f3 t\u00e0i kho\u1ea3n ng\u00e2n h\u00e0ng<\/em><\/strong><\/h5>\n\n\n\n<p>C\u00f3 t\u00e0i kho\u1ea3n ng\u00e2n h\u00e0ng \u1edf Nh\u1eadt \u0111\u1ec3 chuy\u1ec3n v\u1ed1n \u0111\u1ea7u t\u01b0 v\u00e0o<\/p>\n\n\n\n<h5 class=\"wp-block-heading\"><strong>C\u00e1c gi\u1ea5y t\u1edd, th\u1ee7 t\u1ee5c c\u1ea7n chu\u1ea9n b\u1ecb \u0111\u1ec3 \u0111\u0103ng k\u00fd th\u00e0nh l\u1eadp c\u00f4ng ty<\/strong><\/h5>\n\n\n\n<p>1.L\u00e0m con d\u1ea5u gi\u00e1m \u0111\u1ed1c, con d\u1ea5u doanh nghi\u1ec7p, con d\u1ea5u ng\u00e2n h\u00e0ng,\u2026 (\u4f1a\u793e\u306e\u4ee3\u8868\u5370\u3001\u9280\u884c\u5370\u3001\u89d2\u5370)<\/p>\n\n\n\n<p>2. Quy\u1ebft \u0111\u1ecbnh \u0111\u1ecba \u0111i\u1ec3m tr\u1ee5 s\u1edf c\u00f4ng ty, chu\u1ea9n b\u1ecb H\u1ee3p \u0111\u1ed3ng thu\u00ea v\u0103n ph\u00f2ng ho\u1eb7c H\u1ee3p \u0111\u1ed3ng mua b\u00e1n b\u1ea5t \u0111\u1ed9ng s\u1ea3n<\/p>\n\n\n\n<p>3. Chuy\u1ec3n ti\u1ec1n v\u1ed1n \u0111\u1ea7u t\u01b0 v\u00e0o t\u00e0i kho\u1ea3n ng\u00e2n h\u00e0ng. L\u01b0u \u00fd: Chuy\u1ec3n ti\u1ec1n sau khi x\u00e2y d\u1ef1ng \u0110i\u1ec1u l\u1ec7 c\u00f4ng ty.<\/p>\n\n\n\n<p>4. Ch\u1ed1t c\u00e1c th\u00f4ng tin quan tr\u1ecdng (c\u00f3 th\u1ec3 kh\u00e1c v\u1edbi n\u1ed9i dung \u0110i\u1ec1u l\u1ec7 c\u00f4ng ty)<\/p>\n\n\n\n<p><em>Tuy\u1ec3n ch\u1ecdn gi\u00e1m \u0111\u1ed1c<\/em><\/p>\n\n\n\n<p><em>&nbsp;Quy\u1ebft \u0111\u1ecbnh s\u1ed1 v\u1ed1n \u0111i\u1ec1u l\u1ec7<\/em><\/p>\n\n\n\n<p><em>&nbsp;Quy\u1ebft \u0111\u1ecbnh t\u1ed5ng s\u1ed1 c\u1ed5 phi\u1ebfu c\u00f3 th\u1ec3 ph\u00e1t h\u00e0nh<\/em><\/p>\n\n\n\n<p>5. S\u1eeda \u0111\u1ed5i l\u1ea1i \u0110i\u1ec1u l\u1ec7 c\u00f4ng ty v\u00e0 l\u1ea5y ch\u1ee9ng nh\u1eadn (n\u1ebfu c\u1ea7n)<\/p>\n\n\n\n<p>6. \u0110i\u1ec1n Gi\u1ea5y \u0111\u0103ng k\u00fd th\u00e0nh l\u1eadp c\u00f4ng ty (\u4f1a\u793e\u306e\u8a2d\u7acb\u767b\u8a18\u7533\u8acb)<\/p>\n\n\n\n<p>7. Nh\u1eadn Gi\u1ea5y ch\u1ee9ng nh\u1eadn c\u00e1c \u0111i\u1ec1u kho\u1ea3n \u0111\u0103ng k\u00fd (\u767b\u8a18\u4e8b\u9805\u8a3c\u660e\u66f8\u306e\u53d6\u5f97). C\u00f3 th\u1ec3 nh\u1eadn gi\u1ea5y n\u00e0y 1 tu\u1ea7n sau khi \u0111\u0103ng k\u00fd.<\/p>\n\n\n\n<p>8. N\u1ed9p th\u00f4ng b\u00e1o l\u00ean Ph\u00f2ng thu\u1ebf v\u00e0 V\u0103n ph\u00f2ng h\u00e0nh ch\u00ednh<\/p>\n\n\n\n<p><em>&nbsp;Th\u00f4ng b\u00e1o th\u00e0nh l\u1eadp ph\u00e1p nh\u00e2n (\u6cd5\u4eba\u8a2d\u7acb\u306e\u5c4a\u51fa)<\/em><\/p>\n\n\n\n<p><em>&nbsp;Th\u00f4ng b\u00e1o li\u00ean quan \u0111\u1ebfn thu\u1ebf thu nh\u1eadp, thu\u1ebf ngu\u1ed3n (\u6e90\u6cc9\u7a0e\u3001\u6d88\u8cbb\u7a0e\u95a2\u4fc2\u306e\u5c4a\u51fa)<\/em><\/p>\n\n\n\n<p><em>&nbsp;\u0110\u0103ng k\u00fd ph\u00ea duy\u1ec7t t\u1edd khai m\u00e0u xanh (\u9752\u8272\u7533\u544a\u306e\u627f\u8a8d\u7533\u8acb)<\/em><\/p>\n\n\n\n<p><em>&nbsp;Th\u00f4ng b\u00e1o v\u1ec1 b\u1ea3o hi\u1ec3m lao \u0111\u1ed9ng, b\u1ea3o hi\u1ec3m vi\u1ec7c l\u00e0m (trong tr\u01b0\u1eddng h\u1ee3p thu\u00ea nh\u00e2n vi\u00ean)<\/em><\/p>\n\n\n\n<p><em>&nbsp;B\u1ea3o hi\u1ec3m s\u1ee9c kh\u1ecfe, l\u01b0\u01a1ng h\u01b0u,\u2026<\/em><\/p>\n\n\n\n<p>9. Thi\u1ebft k\u1ebf danh thi\u1ebfp, brochure c\u00f4ng ty<\/p>\n\n\n\n<p>10. Tuy\u1ec3n d\u1ee5ng nh\u00e2n vi\u00ean (n\u1ebfu c\u1ea7n)<\/p>\n\n\n\n<p><em><strong>L\u01b0u \u00fd<\/strong>:<\/em>&nbsp;\u0110\u1ec3 \u0111\u0103ng k\u00fd th\u00e0nh l\u1eadp c\u00f4ng ty, c\u1ea7n n\u1ed9p&nbsp;<strong>thu\u1ebf \u0110\u0103ng k\u00fd c\u00f4ng ty (\u767b\u9332\u514d\u8a31\u7a0e)<\/strong>&nbsp;t\u01b0\u01a1ng \u1ee9ng v\u1edbi s\u1ed1 v\u1ed1n \u0111i\u1ec1u l\u1ec7:<\/p>\n\n\n\n<p><em>&nbsp;C\u00f4ng ty c\u1ed5 ph\u1ea7n (\u682a\u5f0f\u4f1a\u793e): t\u1ed1i thi\u1ec3u 150,000 y\u00ean<\/em><\/p>\n\n\n\n<p><em>&nbsp;C\u00f4ng ty tr\u00e1ch nhi\u1ec7m h\u1eefu h\u1ea1n (\u5408\u540c\u4f1a\u793e): t\u1ed1i thi\u1ec3u 60,000 y\u00ean<\/em><\/p>\n\n\n\n<h4 class=\"wp-block-heading\"><strong>B\u01b0\u1edbc 3: Xin visa Kinh doanh<\/strong><\/h4>\n\n\n\n<p>Sau khi ho\u00e0n th\u00e0nh th\u1ee7 t\u1ee5c \u0111\u0103ng k\u00fd th\u00e0nh l\u1eadp c\u00f4ng ty, b\u1ea1n s\u1ebd \u0111\u1ee7 c\u00f3 \u0111i\u1ec1u ki\u1ec7n \u0111\u1ec3 xin visa Kinh doanh. Visa n\u00e0y s\u1ebd \u0111\u01b0\u1ee3c c\u1ea5p cho 2 \u0111\u1ed1i t\u01b0\u1ee3ng sau \u0111\u00e2y.<\/p>\n\n\n\n<h3 class=\"wp-block-heading\">Quy \u0111\u1ecbnh \u0111\u1ed1i v\u1edbi \u0111\u1ed1i t\u01b0\u1ee3ng xin Visa kinh doanh<\/h3>\n\n\n\n<h4 class=\"wp-block-heading\"><strong>\u0110\u1ed1i t\u01b0\u1ee3ng xin Visa kinh doanh 1: Ng\u01b0\u1eddi kinh doanh (\u7d4c\u55b6\u8005) hay nh\u00e0 \u0111\u1ea7u t\u01b0<\/strong><\/h4>\n\n\n\n<p>Tuy kh\u00f4ng c\u00f3 quy \u0111\u1ecbnh v\u1ec1 tr\u00ecnh \u0111\u1ed9 h\u1ecdc v\u1ea5n hay b\u1eb1ng c\u1ea5p, nh\u01b0ng n\u1ebfu b\u1ea1n c\u00f3 b\u1eb1ng c\u1ea5p ho\u1eb7c kinh nghi\u1ec7m li\u00ean quan \u0111\u1ebfn qu\u1ea3n l\u00fd kinh doanh v\u00e0 ng\u00e0nh ngh\u1ec1 kinh doanh th\u00ec s\u1ebd l\u00e0 m\u1ed9t l\u1ee3i th\u1ebf. N\u1ebfu b\u1ea1n kh\u00f4ng c\u00f3 b\u1eb1ng c\u1ea5p hay kinh nghi\u1ec7m, c\u00f3 th\u1ec3 c\u00e2n nh\u1eafc vi\u1ec7c m\u1edf c\u00f4ng ty c\u00f9ng ng\u01b0\u1eddi c\u00f3 t\u01b0 c\u00e1ch \u0111\u1ec3 qu\u1ea3n l\u00fd kinh doanh v\u00e0 c\u00f3 kinh nghi\u1ec7m v\u1ec1 ng\u00e0nh ngh\u1ec1 m\u00e0 b\u1ea1n d\u1ef1 ki\u1ebfn m\u1edf \u0111\u1ec3 t\u0103ng t\u1ec9 l\u1ec7 \u0111\u1eadu visa.<\/p>\n\n\n\n<h4 class=\"wp-block-heading has-small-font-size\"><strong>\u0110\u1ed1i t\u01b0\u1ee3ng xin Visa kinh doanh 2:&nbsp;<\/strong><strong>Ng\u01b0\u1eddi qu\u1ea3n l\u00fd \u7ba1\u7406\u8005<\/strong><\/h4>\n\n\n\n<p>a. C\u1ea7n c\u00f3 tr\u00ean 3 n\u0103m kinh nghi\u1ec7m trong vi\u1ec7c qu\u1ea3n l\u00fd ho\u1eb7c kinh doanh (bao g\u1ed3m c\u1ea3 th\u1eddi gian h\u1ecdc t\u1eadp t\u1ea1i tr\u01b0\u1eddng chuy\u00ean ng\u00e0nh c\u00f3 li\u00ean quan \u0111\u1ebfn qu\u1ea3n l\u00fd hay kinh doanh)<\/p>\n\n\n\n<p>b. Ti\u1ec1n l\u01b0\u01a1ng nh\u1eadn \u0111\u01b0\u1ee3c ph\u1ea3i t\u1eeb ngang b\u1eb1ng tr\u1edf l\u00ean \u0111\u1ed1i v\u1edbi ti\u1ec1n l\u01b0\u01a1ng c\u1ee7a ng\u01b0\u1eddi Nh\u1eadt trong tr\u01b0\u1eddng h\u1ee3p c\u00f3 ng\u01b0\u1eddi Nh\u1eadt tham gia l\u00e0m vi\u1ec7c c\u00f9ng<\/p>\n\n\n\n<h4 class=\"wp-block-heading\"><strong>C\u00e1c gi\u1ea5y t\u1edd c\u1ea7n n\u1ed9p \u0111\u1ec3 xin visa Kinh doanh<\/strong><\/h4>\n\n\n\n<p>1. B\u1ea3n k\u1ebf ho\u1ea1ch kinh doanh (\u4e8b\u696d\u8a08\u753b\u66f8). \u0110\u00e2y c\u00f3 th\u1ec3 n\u00f3i l\u00e0 gi\u1ea5y t\u1edd quan tr\u1ecdng nh\u1ea5t, quy\u1ebft \u0111\u1ecbnh kh\u1ea3 n\u0103ng \u0111\u1eadu visa Kinh doanh. N\u1ed9i dung kinh doanh ghi trong b\u1ea3n k\u1ebf ho\u1ea1ch c\u1ea7n th\u1ec3 hi\u1ec7n t\u00ednh \u1ed5n \u0111\u1ecbnh v\u00e0 ti\u1ebfp di\u1ec5n, th\u1ec3 hi\u1ec7n b\u1eb1ng c\u00e1c con s\u1ed1 doanh thu d\u1ef1 ki\u1ebfn.<\/p>\n\n\n\n<p>2. V\u0103n b\u1ea3n quy\u1ebft \u0111\u1ecbnh th\u00f9 lao l\u01b0\u01a1ng cho \u1ee6y vi\u00ean h\u1ed9i \u0111\u1ed3ng qu\u1ea3n tr\u1ecb (\u5f79\u54e1\u5831\u916c\u306e\u6c7a\u5b9a\u66f8)<\/p>\n\n\n\n<p>3. Th\u00f4ng b\u00e1o th\u00e0nh l\u1eadp v\u0103n ph\u00f2ng chi tr\u1ea3 l\u01b0\u01a1ng (\u7d66\u4e0e\u652f\u6255\u4e8b\u52d9\u6240\u7b49\u306e\u958b\u8a2d\u5c4a)<\/p>\n\n\n\n<p>4. L\u00fd do xin visa (n\u1ebfu c\u1ea7n) (\u7406\u7531\u66f8)<\/p>\n\n\n\n<p>5. C\u00e1c gi\u1ea5y t\u1edd li\u00ean quan \u0111\u1ebfn vi\u1ec7c \u0111\u0103ng k\u00fd th\u00e0nh l\u1eadp c\u00f4ng ty<\/p>\n\n\n\n<h3 class=\"wp-block-heading\"><strong>T\u1ed5ng k\u1ebft<\/strong><\/h3>\n\n\n\n<p>Xin visa Kinh doanh \u1edf Nh\u1eadt l\u00e0 c\u1ea3 m\u1ed9t qu\u00e1 tr\u00ecnh ph\u1ee9c t\u1ea1p v\u00e0 c\u00f3 th\u1ec3 k\u00e9o d\u00e0i t\u1eeb 4 \u0111\u1ebfn 6 th\u00e1ng. V\u00ec v\u1eady b\u1ea1n n\u00ean nh\u1edd \u0111\u1ebfn s\u1ef1 tr\u1ee3 gi\u00fap c\u1ee7a c\u00e1c lu\u1eadt s\u01b0 ng\u01b0\u1eddi Nh\u1eadt d\u00e0y kinh nghi\u1ec7m. T\u00ecm ki\u1ebfm \u0111\u1ed1i t\u00e1c l\u00e0 ng\u01b0\u1eddi Nh\u1eadt B\u1ea3n ho\u1eb7c ng\u01b0\u1eddi \u0111ang c\u01b0 tr\u00fa t\u1ea1i Nh\u1eadt B\u1ea3n s\u1ebd khi\u1ebfn vi\u1ec7c xin visa tr\u1edf n\u00ean d\u1ec5 d\u00e0ng h\u01a1n. Trong tr\u01b0\u1eddng h\u1ee3p c\u00f4ng ty mu\u1ed1n th\u00e0nh l\u1eadp chi nh\u00e1nh t\u1ea1i Nh\u1eadt B\u1ea3n, c\u00f3 th\u1ec3 c\u00e2n nh\u1eafc vi\u1ec7c m\u1edf v\u0103n ph\u00f2ng \u0111\u1ea1i di\u1ec7n v\u00e0 tuy\u1ec3n ng\u01b0\u1eddi \u0111\u1ea1i di\u1ec7n t\u1ea1i Nh\u1eadt B\u1ea3n tr\u01b0\u1edbc khi ti\u1ebfn h\u00e0nh l\u00e0m th\u1ee7 t\u1ee5c th\u00e0nh l\u1eadp c\u00f4ng ty.<\/p>\n","protected":false},"excerpt":{"rendered":"<p>Visa n\u00e0y c\u00f2n \u0111\u01b0\u1ee3c g\u1ecdi l\u00e0 \u201cVisa gi\u00e1m \u0111\u1ed1c\u201d. V\u00ec \u0111\u00e2y l\u00e0 visa d\u00e0nh cho ng\u01b0\u1eddi n\u01b0\u1edbc ngo\u00e0i \u0111\u1ea7u t\u01b0 ho\u1eb7c qu\u1ea3n l\u00fd kinh doanh \u1edf Nh\u1eadt nh\u01b0 CEO, ng\u01b0\u1eddi gi\u00e1m s\u00e1t, tr\u01b0\u1edfng ph\u00f2ng, gi\u00e1m \u0111\u1ed1c nh\u00e0 m\u00e1y, qu\u1ea3n l\u00fd c\u1eeda h\u00e0ng, v.v.. Tr\u01b0\u1edbc \u0111\u00e2y, nh\u1eefng ng\u01b0\u1eddi mu\u1ed1n xin&nbsp;Visa Kinh&#8230;<\/p>\n","protected":false},"author":1,"featured_media":0,"parent":0,"menu_order":0,"comment_status":"closed","ping_status":"closed","template":"","meta":{"footnotes":""},"class_list":["post-1607","page","type-page","status-publish","hentry"],"yoast_head":"<!-- This site is optimized with the Yoast SEO plugin v24.6 - https:\/\/yoast.com\/wordpress\/plugins\/seo\/ -->\n<title>VISA KINH DOANH | M\u1ea0NH NGUY\u1ec4N LEGAL<\/title>\n<meta name=\"description\" content=\"M\u1ea0NH NGUY\u1ec4N LEGAL\" \/>\n<meta name=\"robots\" content=\"index, follow, max-snippet:-1, max-image-preview:large, max-video-preview:-1\" \/>\n<link rel=\"canonical\" href=\"https:\/\/chuannhat.jp\/?page_id=1607\" \/>\n<meta property=\"og:locale\" content=\"vi_VN\" \/>\n<meta property=\"og:type\" content=\"article\" \/>\n<meta property=\"og:title\" content=\"VISA KINH DOANH | M\u1ea0NH NGUY\u1ec4N LEGAL\" \/>\n<meta property=\"og:description\" content=\"M\u1ea0NH NGUY\u1ec4N LEGAL\" \/>\n<meta property=\"og:url\" content=\"https:\/\/chuannhat.jp\/?page_id=1607\" \/>\n<meta property=\"og:site_name\" content=\"M\u1ea0NH NGUY\u1ec4N LEGAL\" \/>\n<meta property=\"article:publisher\" content=\"https:\/\/www.facebook.com\/manhnguyenlegal\/\" \/>\n<meta property=\"og:image\" content=\"https:\/\/chuannhat.jp\/wp-content\/uploads\/2024\/03\/cropped-431888499_7044761538983464_546214902835595863_n.jpg\" \/>\n\t<meta property=\"og:image:width\" content=\"1600\" \/>\n\t<meta property=\"og:image:height\" content=\"800\" \/>\n\t<meta property=\"og:image:type\" content=\"image\/jpeg\" \/>\n<meta name=\"twitter:card\" content=\"summary_large_image\" \/>\n<meta name=\"twitter:label1\" content=\"\u01af\u1edbc t\u00ednh th\u1eddi gian \u0111\u1ecdc\" \/>\n\t<meta name=\"twitter:data1\" content=\"10 ph\u00fat\" \/>\n<script type=\"application\/ld+json\" class=\"yoast-schema-graph\">{\"@context\":\"https:\/\/schema.org\",\"@graph\":[{\"@type\":\"WebPage\",\"@id\":\"https:\/\/chuannhat.jp\/?page_id=1607\",\"url\":\"https:\/\/chuannhat.jp\/?page_id=1607\",\"name\":\"VISA KINH DOANH | M\u1ea0NH NGUY\u1ec4N LEGAL\",\"isPartOf\":{\"@id\":\"https:\/\/chuannhat.jp\/#website\"},\"datePublished\":\"2024-03-17T01:47:59+00:00\",\"description\":\"M\u1ea0NH NGUY\u1ec4N LEGAL\",\"breadcrumb\":{\"@id\":\"https:\/\/chuannhat.jp\/?page_id=1607#breadcrumb\"},\"inLanguage\":\"vi\",\"potentialAction\":[{\"@type\":\"ReadAction\",\"target\":[\"https:\/\/chuannhat.jp\/?page_id=1607\"]}]},{\"@type\":\"BreadcrumbList\",\"@id\":\"https:\/\/chuannhat.jp\/?page_id=1607#breadcrumb\",\"itemListElement\":[{\"@type\":\"ListItem\",\"position\":1,\"name\":\"Trang ch\u1ee7\",\"item\":\"https:\/\/chuannhat.jp\/\"},{\"@type\":\"ListItem\",\"position\":2,\"name\":\"VISA KINH DOANH\"}]},{\"@type\":\"WebSite\",\"@id\":\"https:\/\/chuannhat.jp\/#website\",\"url\":\"https:\/\/chuannhat.jp\/\",\"name\":\"VISA CHU\u1ea8N NH\u1eacT\",\"description\":\"VISA KINH DOANH\",\"publisher\":{\"@id\":\"https:\/\/chuannhat.jp\/#organization\"},\"alternateName\":\"VISA KINH DOANH\",\"potentialAction\":[{\"@type\":\"SearchAction\",\"target\":{\"@type\":\"EntryPoint\",\"urlTemplate\":\"https:\/\/chuannhat.jp\/?s={search_term_string}\"},\"query-input\":{\"@type\":\"PropertyValueSpecification\",\"valueRequired\":true,\"valueName\":\"search_term_string\"}}],\"inLanguage\":\"vi\"},{\"@type\":\"Organization\",\"@id\":\"https:\/\/chuannhat.jp\/#organization\",\"name\":\"VISA KINH DOANH\",\"alternateName\":\"VISA KINH DOANH\",\"url\":\"https:\/\/chuannhat.jp\/\",\"logo\":{\"@type\":\"ImageObject\",\"inLanguage\":\"vi\",\"@id\":\"https:\/\/chuannhat.jp\/#\/schema\/logo\/image\/\",\"url\":\"https:\/\/chuannhat.jp\/wp-content\/uploads\/2024\/03\/chuanvisa-.jp-3.png\",\"contentUrl\":\"https:\/\/chuannhat.jp\/wp-content\/uploads\/2024\/03\/chuanvisa-.jp-3.png\",\"width\":497,\"height\":123,\"caption\":\"VISA KINH DOANH\"},\"image\":{\"@id\":\"https:\/\/chuannhat.jp\/#\/schema\/logo\/image\/\"},\"sameAs\":[\"https:\/\/www.facebook.com\/manhnguyenlegal\/\"]}]}<\/script>\n<!-- \/ Yoast SEO plugin. -->","yoast_head_json":{"title":"VISA KINH DOANH | M\u1ea0NH NGUY\u1ec4N LEGAL","description":"M\u1ea0NH NGUY\u1ec4N LEGAL","robots":{"index":"index","follow":"follow","max-snippet":"max-snippet:-1","max-image-preview":"max-image-preview:large","max-video-preview":"max-video-preview:-1"},"canonical":"https:\/\/chuannhat.jp\/?page_id=1607","og_locale":"vi_VN","og_type":"article","og_title":"VISA KINH DOANH | M\u1ea0NH NGUY\u1ec4N LEGAL","og_description":"M\u1ea0NH NGUY\u1ec4N LEGAL","og_url":"https:\/\/chuannhat.jp\/?page_id=1607","og_site_name":"M\u1ea0NH NGUY\u1ec4N LEGAL","article_publisher":"https:\/\/www.facebook.com\/manhnguyenlegal\/","og_image":[{"width":1600,"height":800,"url":"https:\/\/chuannhat.jp\/wp-content\/uploads\/2024\/03\/cropped-431888499_7044761538983464_546214902835595863_n.jpg","type":"image\/jpeg"}],"twitter_card":"summary_large_image","twitter_misc":{"\u01af\u1edbc t\u00ednh th\u1eddi gian \u0111\u1ecdc":"10 ph\u00fat"},"schema":{"@context":"https:\/\/schema.org","@graph":[{"@type":"WebPage","@id":"https:\/\/chuannhat.jp\/?page_id=1607","url":"https:\/\/chuannhat.jp\/?page_id=1607","name":"VISA KINH DOANH | M\u1ea0NH NGUY\u1ec4N LEGAL","isPartOf":{"@id":"https:\/\/chuannhat.jp\/#website"},"datePublished":"2024-03-17T01:47:59+00:00","description":"M\u1ea0NH NGUY\u1ec4N LEGAL","breadcrumb":{"@id":"https:\/\/chuannhat.jp\/?page_id=1607#breadcrumb"},"inLanguage":"vi","potentialAction":[{"@type":"ReadAction","target":["https:\/\/chuannhat.jp\/?page_id=1607"]}]},{"@type":"BreadcrumbList","@id":"https:\/\/chuannhat.jp\/?page_id=1607#breadcrumb","itemListElement":[{"@type":"ListItem","position":1,"name":"Trang ch\u1ee7","item":"https:\/\/chuannhat.jp\/"},{"@type":"ListItem","position":2,"name":"VISA KINH DOANH"}]},{"@type":"WebSite","@id":"https:\/\/chuannhat.jp\/#website","url":"https:\/\/chuannhat.jp\/","name":"VISA CHU\u1ea8N NH\u1eacT","description":"VISA KINH DOANH","publisher":{"@id":"https:\/\/chuannhat.jp\/#organization"},"alternateName":"VISA KINH DOANH","potentialAction":[{"@type":"SearchAction","target":{"@type":"EntryPoint","urlTemplate":"https:\/\/chuannhat.jp\/?s={search_term_string}"},"query-input":{"@type":"PropertyValueSpecification","valueRequired":true,"valueName":"search_term_string"}}],"inLanguage":"vi"},{"@type":"Organization","@id":"https:\/\/chuannhat.jp\/#organization","name":"VISA KINH DOANH","alternateName":"VISA KINH DOANH","url":"https:\/\/chuannhat.jp\/","logo":{"@type":"ImageObject","inLanguage":"vi","@id":"https:\/\/chuannhat.jp\/#\/schema\/logo\/image\/","url":"https:\/\/chuannhat.jp\/wp-content\/uploads\/2024\/03\/chuanvisa-.jp-3.png","contentUrl":"https:\/\/chuannhat.jp\/wp-content\/uploads\/2024\/03\/chuanvisa-.jp-3.png","width":497,"height":123,"caption":"VISA KINH DOANH"},"image":{"@id":"https:\/\/chuannhat.jp\/#\/schema\/logo\/image\/"},"sameAs":["https:\/\/www.facebook.com\/manhnguyenlegal\/"]}]}},"_links":{"self":[{"href":"https:\/\/chuannhat.jp\/index.php?rest_route=\/wp\/v2\/pages\/1607","targetHints":{"allow":["GET"]}}],"collection":[{"href":"https:\/\/chuannhat.jp\/index.php?rest_route=\/wp\/v2\/pages"}],"about":[{"href":"https:\/\/chuannhat.jp\/index.php?rest_route=\/wp\/v2\/types\/page"}],"author":[{"embeddable":true,"href":"https:\/\/chuannhat.jp\/index.php?rest_route=\/wp\/v2\/users\/1"}],"replies":[{"embeddable":true,"href":"https:\/\/chuannhat.jp\/index.php?rest_route=%2Fwp%2Fv2%2Fcomments&post=1607"}],"version-history":[{"count":1,"href":"https:\/\/chuannhat.jp\/index.php?rest_route=\/wp\/v2\/pages\/1607\/revisions"}],"predecessor-version":[{"id":1608,"href":"https:\/\/chuannhat.jp\/index.php?rest_route=\/wp\/v2\/pages\/1607\/revisions\/1608"}],"wp:attachment":[{"href":"https:\/\/chuannhat.jp\/index.php?rest_route=%2Fwp%2Fv2%2Fmedia&parent=1607"}],"curies":[{"name":"wp","href":"https:\/\/api.w.org\/{rel}","templated":true}]}}