{"id":1561,"date":"2024-03-14T17:24:53","date_gmt":"2024-03-14T08:24:53","guid":{"rendered":"https:\/\/chuannhat.jp\/?page_id=1561"},"modified":"2024-03-20T18:01:49","modified_gmt":"2024-03-20T09:01:49","slug":"%e6%ad%a3%e7%be%a9visa","status":"publish","type":"page","link":"https:\/\/chuannhat.jp\/?page_id=1561","title":{"rendered":"\u6b63\u89e3 VISA"},"content":{"rendered":"\n<p>D\u1ea1o g\u1ea7n \u0111\u00e2y c\u00f3 x\u1ea3y ra t\u00ecnh tr\u1ea1ng xu\u1ea5t hi\u1ec7n nhi\u1ec1u m\u00f4i gi\u1edbi v\u1ec1 t\u01b0 c\u00e1ch l\u01b0u tr\u00fa, \u0111\u1eb7c bi\u1ec7t l\u00e0 \u0111\u1ed1i v\u1edbi visa kinh doanh, \u0111i\u1ec1u s\u1ebd kh\u00f4ng c\u00f3 g\u00ec \u0111\u00e1ng n\u00f3i n\u1ebfu nh\u01b0 m\u1ecdi th\u1ee9 di\u1ec5n ra b\u00ecnh th\u01b0\u1eddng \u0111\u00fang lu\u1eadt ph\u00e1p v\u00e0 \u0111\u00fang v\u1edbi lu\u1eadt nh\u1eadp c\u01b0 Nh\u1eadt B\u1ea3n. Nh\u01b0ng kh\u00f4ng, nh\u1eefng m\u00f4i gi\u1edbi n\u00e0y s\u1ebd h\u01b0\u1edbng d\u1eabn c\u00e1c b\u1ea1n xin t\u01b0 c\u00e1ch visa kinh doanh v\u1edbi h\u1ed3 s\u01a1 gi\u1ea3, v\u00ed d\u1ee5 nh\u01b0:<\/p>\n\n\n\n<ul class=\"wp-block-list\">\n<li>M\u1ed9t v\u0103n ph\u00f2ng s\u1ebd \u0111\u0103ng k\u00fd nhi\u1ec1u ph\u00e1p nh\u00e2n v\u00e0 ti\u1ebfn h\u00e0nh th\u00e0nh l\u1eadp nhi\u1ec1u c\u00f4ng ty t\u1ea1i c\u00f9ng m\u1ed9t \u0111\u1ecba ch\u1ec9.<\/li>\n\n\n\n<li>Gi\u1ea3 m\u1ea1o c\u00e1c h\u1ee3p \u0111\u1ed3ng kinh t\u1ebf \u0111\u1ec3 n\u1ed9p C\u1ee5c xu\u1ea5t nh\u1eadp c\u1ea3nh.<\/li>\n\n\n\n<li>H\u01b0\u1edbng d\u1eabn ch\u1ee9ng minh ngu\u1ed3n ti\u1ec1n 500M t\u1eeb vi\u1ec7c r\u1eeda ti\u1ec1n t\u1eeb Vi\u1ec7t Nam qua ho\u1eb7c ti\u1ec1n b\u1ea9n t\u1ea1i Nh\u1eadt.<\/li>\n\n\n\n<li><img loading=\"lazy\" decoding=\"async\" class=\"alignright wp-image-1547\" src=\"https:\/\/chuannhat.jp\/wp-content\/uploads\/2024\/03\/z5248408234036_2089921bb52108dc04c8097951aa6d2e-300x169.jpg\" alt=\"\" width=\"370\" height=\"208\" srcset=\"https:\/\/chuannhat.jp\/wp-content\/uploads\/2024\/03\/z5248408234036_2089921bb52108dc04c8097951aa6d2e-300x169.jpg 300w, https:\/\/chuannhat.jp\/wp-content\/uploads\/2024\/03\/z5248408234036_2089921bb52108dc04c8097951aa6d2e-1024x576.jpg 1024w, https:\/\/chuannhat.jp\/wp-content\/uploads\/2024\/03\/z5248408234036_2089921bb52108dc04c8097951aa6d2e-768x432.jpg 768w, https:\/\/chuannhat.jp\/wp-content\/uploads\/2024\/03\/z5248408234036_2089921bb52108dc04c8097951aa6d2e.jpg 1276w\" sizes=\"auto, (max-width: 370px) 100vw, 370px\" \/>N\u1ed9i dung kinh doanh kh\u00f4ng \u0111\u01b0\u01a1c x\u00e1c nh\u1eadn b\u1edfi ng\u01b0\u1eddi xin.<\/li>\n\n\n\n<li>500M t\u1ed1i thi\u1ec3u \u0111\u01b0\u1ee3c chu\u1ea9n b\u1ecb b\u1edfi c\u00e1c v\u0103n ph\u00f2ng \u0111\u00f3.<\/li>\n<\/ul>\n\n\n\n<p>Etc&#8230;Do s\u1ef1 thi\u1ebfu hi\u1ec3u bi\u1ebft c\u0169ng ch\u1ec9 c\u00f3 m\u1ee5c \u0111\u00edch l\u1ea5y VISA kinh doanh hay c\u00e1c lo\u1ea1i VISA kh\u00e1c ch\u1ec9 \u0111\u1ec3 c\u00f3 th\u1ec3 \u1edf l\u1ea1i Nh\u1eadt.&nbsp;<\/p>\n\n\n\n<p>H\u00e3y li\u00ean h\u1ec7 v\u1edbi ch\u00fang t\u00f4i, \u0111\u1ec3 nh\u1eadn \u0111\u01b0\u1ee3c s\u1ef1 t\u01b0 v\u1ea5n \u0111\u00fang \u0111\u1eafng v\u00e0 c\u1ea7n thi\u1ebft nh\u1ea5t.&nbsp;<\/p>\n\n\n\n<p>G\u1ea7n \u0111\u00e2y, s\u1ed1 l\u01b0\u1ee3ng ng\u01b0\u1eddi n\u01b0\u1edbc ngo\u00e0i c\u01b0 tr\u00fa t\u1ea1i Nh\u1eadt B\u1ea3n ti\u1ebfp t\u1ee5c t\u0103ng. V\u1edbi t\u1ef7 l\u1ec7 sinh gi\u1ea3m v\u00e0 d\u00e2n s\u1ed1 gi\u00e0 \u0111i c\u0169ng nh\u01b0 t\u00ecnh tr\u1ea1ng thi\u1ebfu lao \u0111\u1ed9ng trong n\u01b0\u1edbc \u0111ang tr\u1edf th\u00e0nh m\u1ed9t v\u1ea5n \u0111\u1ec1, v\u00e0o th\u00e1ng 4 n\u0103m 2019, \u0110\u1ea1o lu\u1eadt Ki\u1ec3m so\u00e1t Nh\u1eadp c\u01b0 s\u1eeda \u0111\u1ed5i \u0111\u00e3 \u0111\u01b0\u1ee3c ban h\u00e0nh v\u1edbi m\u1ee5c \u0111\u00edch t\u0103ng c\u01b0\u1eddng ch\u1ea5p nh\u1eadn ng\u01b0\u1eddi n\u01b0\u1edbc ngo\u00e0i v\u00e0 nh\u1eb1m \u0111\u1ed1i ph\u00f3 v\u1edbi t\u00ecnh tr\u1ea1ng thi\u1ebfu lao \u0111\u1ed9ng ng\u00e0y c\u00e0ng tr\u1ea7m tr\u1ecdng. t\u01b0 c\u00e1ch l\u01b0u tr\u00fa m\u1edbi &#8220;Ng\u01b0\u1eddi lao \u0111\u1ed9ng c\u00f3 tay ngh\u1ec1 \u0111\u1eb7c \u0111\u1ecbnh&#8221; \u0111\u00e3 \u0111\u01b0\u1ee3c t\u1ea1o.V\u1ec1 l\u00e2u d\u00e0i, d\u1ef1 ki\u1ebfn \u200b\u200bs\u1ed1 l\u01b0\u1ee3ng ng\u01b0\u1eddi n\u01b0\u1edbc ngo\u00e0i c\u01b0 tr\u00fa t\u1ea1i Nh\u1eadt B\u1ea3n s\u1ebd ti\u1ebfp t\u1ee5c t\u0103ng. M\u1ee5c ti\u00eau c\u1ee7a ch\u00fang t\u00f4i l\u00e0 \u0111\u01b0a v\u0103n ph\u00f2ng c\u1ee7a ch\u00fang t\u00f4i tr\u1edf th\u00e0nh c\u1ea7u n\u1ed1i gi\u1eefa Nh\u1eadt B\u1ea3n v\u00e0 Vi\u1ec7t Nam<\/p>\n\n\n\n<p>\u0110\u1ec3 ph\u00e1t tri\u1ec3n m\u1ed1i quan h\u1ec7 gi\u1eefa Nh\u1eadt B\u1ea3n v\u00e0 Vi\u1ec7t Nam, Ch\u00fang t\u00f4i c\u0169ng cung c\u1ea5p cho c\u00e1c kh\u00e1ch h\u00e0ng nh\u1eefng d\u1ecbch v\u1ee5 kh\u00e1c nh\u01b0 t\u01b0 v\u1ea5n mua b\u00e1n v\u00e0 s\u00e1t nh\u1eadp, xu\u1ea5t nh\u1eadp kh\u1ea9u, b\u1ea5t \u0111\u1ed9ng s\u1ea3n&#8230;.theo nhu c\u1ea7u c\u1ee7a t\u1eebng kh\u00e1ch h\u00e0ng.<\/p>\n","protected":false},"excerpt":{"rendered":"<p>D\u1ea1o g\u1ea7n \u0111\u00e2y c\u00f3 x\u1ea3y ra t\u00ecnh tr\u1ea1ng xu\u1ea5t hi\u1ec7n nhi\u1ec1u m\u00f4i gi\u1edbi v\u1ec1 t\u01b0 c\u00e1ch l\u01b0u tr\u00fa, \u0111\u1eb7c bi\u1ec7t l\u00e0 \u0111\u1ed1i v\u1edbi visa kinh doanh, \u0111i\u1ec1u s\u1ebd kh\u00f4ng c\u00f3 g\u00ec \u0111\u00e1ng n\u00f3i n\u1ebfu nh\u01b0 m\u1ecdi th\u1ee9 di\u1ec5n ra b\u00ecnh th\u01b0\u1eddng \u0111\u00fang lu\u1eadt ph\u00e1p v\u00e0 \u0111\u00fang v\u1edbi lu\u1eadt nh\u1eadp c\u01b0&#8230;<\/p>\n","protected":false},"author":1,"featured_media":0,"parent":0,"menu_order":0,"comment_status":"closed","ping_status":"closed","template":"","meta":{"footnotes":""},"class_list":["post-1561","page","type-page","status-publish","hentry"],"yoast_head":"<!-- This site is optimized with the Yoast SEO plugin v24.6 - https:\/\/yoast.com\/wordpress\/plugins\/seo\/ -->\n<title>\u6b63\u89e3 VISA | M\u1ea0NH NGUY\u1ec4N LEGAL<\/title>\n<meta name=\"description\" content=\"M\u1ea0NH NGUY\u1ec4N LEGAL\" \/>\n<meta name=\"robots\" content=\"index, follow, max-snippet:-1, max-image-preview:large, max-video-preview:-1\" \/>\n<link rel=\"canonical\" href=\"https:\/\/chuannhat.jp\/?page_id=1561\" \/>\n<meta property=\"og:locale\" content=\"vi_VN\" \/>\n<meta property=\"og:type\" content=\"article\" \/>\n<meta property=\"og:title\" content=\"\u6b63\u89e3 VISA | M\u1ea0NH NGUY\u1ec4N LEGAL\" \/>\n<meta property=\"og:description\" content=\"M\u1ea0NH NGUY\u1ec4N LEGAL\" \/>\n<meta property=\"og:url\" content=\"https:\/\/chuannhat.jp\/?page_id=1561\" \/>\n<meta property=\"og:site_name\" content=\"M\u1ea0NH NGUY\u1ec4N LEGAL\" \/>\n<meta property=\"article:publisher\" content=\"https:\/\/www.facebook.com\/manhnguyenlegal\/\" \/>\n<meta property=\"article:modified_time\" content=\"2024-03-20T09:01:49+00:00\" \/>\n<meta property=\"og:image\" content=\"https:\/\/chuannhat.jp\/wp-content\/uploads\/2024\/03\/z5248408234036_2089921bb52108dc04c8097951aa6d2e-300x169.jpg\" \/>\n<meta name=\"twitter:card\" content=\"summary_large_image\" \/>\n<meta name=\"twitter:label1\" content=\"\u01af\u1edbc t\u00ednh th\u1eddi gian \u0111\u1ecdc\" \/>\n\t<meta name=\"twitter:data1\" content=\"3 ph\u00fat\" \/>\n<script type=\"application\/ld+json\" class=\"yoast-schema-graph\">{\"@context\":\"https:\/\/schema.org\",\"@graph\":[{\"@type\":\"WebPage\",\"@id\":\"https:\/\/chuannhat.jp\/?page_id=1561\",\"url\":\"https:\/\/chuannhat.jp\/?page_id=1561\",\"name\":\"\u6b63\u89e3 VISA | M\u1ea0NH NGUY\u1ec4N LEGAL\",\"isPartOf\":{\"@id\":\"https:\/\/chuannhat.jp\/#website\"},\"primaryImageOfPage\":{\"@id\":\"https:\/\/chuannhat.jp\/?page_id=1561#primaryimage\"},\"image\":{\"@id\":\"https:\/\/chuannhat.jp\/?page_id=1561#primaryimage\"},\"thumbnailUrl\":\"https:\/\/chuannhat.jp\/wp-content\/uploads\/2024\/03\/z5248408234036_2089921bb52108dc04c8097951aa6d2e-300x169.jpg\",\"datePublished\":\"2024-03-14T08:24:53+00:00\",\"dateModified\":\"2024-03-20T09:01:49+00:00\",\"description\":\"M\u1ea0NH NGUY\u1ec4N LEGAL\",\"breadcrumb\":{\"@id\":\"https:\/\/chuannhat.jp\/?page_id=1561#breadcrumb\"},\"inLanguage\":\"vi\",\"potentialAction\":[{\"@type\":\"ReadAction\",\"target\":[\"https:\/\/chuannhat.jp\/?page_id=1561\"]}]},{\"@type\":\"ImageObject\",\"inLanguage\":\"vi\",\"@id\":\"https:\/\/chuannhat.jp\/?page_id=1561#primaryimage\",\"url\":\"https:\/\/chuannhat.jp\/wp-content\/uploads\/2024\/03\/z5248408234036_2089921bb52108dc04c8097951aa6d2e.jpg\",\"contentUrl\":\"https:\/\/chuannhat.jp\/wp-content\/uploads\/2024\/03\/z5248408234036_2089921bb52108dc04c8097951aa6d2e.jpg\",\"width\":1276,\"height\":718},{\"@type\":\"BreadcrumbList\",\"@id\":\"https:\/\/chuannhat.jp\/?page_id=1561#breadcrumb\",\"itemListElement\":[{\"@type\":\"ListItem\",\"position\":1,\"name\":\"Trang ch\u1ee7\",\"item\":\"https:\/\/chuannhat.jp\/\"},{\"@type\":\"ListItem\",\"position\":2,\"name\":\"\u6b63\u89e3 VISA\"}]},{\"@type\":\"WebSite\",\"@id\":\"https:\/\/chuannhat.jp\/#website\",\"url\":\"https:\/\/chuannhat.jp\/\",\"name\":\"VISA CHU\u1ea8N NH\u1eacT\",\"description\":\"VISA KINH DOANH\",\"publisher\":{\"@id\":\"https:\/\/chuannhat.jp\/#organization\"},\"alternateName\":\"VISA KINH DOANH\",\"potentialAction\":[{\"@type\":\"SearchAction\",\"target\":{\"@type\":\"EntryPoint\",\"urlTemplate\":\"https:\/\/chuannhat.jp\/?s={search_term_string}\"},\"query-input\":{\"@type\":\"PropertyValueSpecification\",\"valueRequired\":true,\"valueName\":\"search_term_string\"}}],\"inLanguage\":\"vi\"},{\"@type\":\"Organization\",\"@id\":\"https:\/\/chuannhat.jp\/#organization\",\"name\":\"VISA KINH DOANH\",\"alternateName\":\"VISA KINH DOANH\",\"url\":\"https:\/\/chuannhat.jp\/\",\"logo\":{\"@type\":\"ImageObject\",\"inLanguage\":\"vi\",\"@id\":\"https:\/\/chuannhat.jp\/#\/schema\/logo\/image\/\",\"url\":\"https:\/\/chuannhat.jp\/wp-content\/uploads\/2024\/03\/chuanvisa-.jp-3.png\",\"contentUrl\":\"https:\/\/chuannhat.jp\/wp-content\/uploads\/2024\/03\/chuanvisa-.jp-3.png\",\"width\":497,\"height\":123,\"caption\":\"VISA KINH DOANH\"},\"image\":{\"@id\":\"https:\/\/chuannhat.jp\/#\/schema\/logo\/image\/\"},\"sameAs\":[\"https:\/\/www.facebook.com\/manhnguyenlegal\/\"]}]}<\/script>\n<!-- \/ Yoast SEO plugin. -->","yoast_head_json":{"title":"\u6b63\u89e3 VISA | M\u1ea0NH NGUY\u1ec4N LEGAL","description":"M\u1ea0NH NGUY\u1ec4N LEGAL","robots":{"index":"index","follow":"follow","max-snippet":"max-snippet:-1","max-image-preview":"max-image-preview:large","max-video-preview":"max-video-preview:-1"},"canonical":"https:\/\/chuannhat.jp\/?page_id=1561","og_locale":"vi_VN","og_type":"article","og_title":"\u6b63\u89e3 VISA | M\u1ea0NH NGUY\u1ec4N LEGAL","og_description":"M\u1ea0NH NGUY\u1ec4N LEGAL","og_url":"https:\/\/chuannhat.jp\/?page_id=1561","og_site_name":"M\u1ea0NH NGUY\u1ec4N LEGAL","article_publisher":"https:\/\/www.facebook.com\/manhnguyenlegal\/","article_modified_time":"2024-03-20T09:01:49+00:00","og_image":[{"url":"https:\/\/chuannhat.jp\/wp-content\/uploads\/2024\/03\/z5248408234036_2089921bb52108dc04c8097951aa6d2e-300x169.jpg","type":"","width":"","height":""}],"twitter_card":"summary_large_image","twitter_misc":{"\u01af\u1edbc t\u00ednh th\u1eddi gian \u0111\u1ecdc":"3 ph\u00fat"},"schema":{"@context":"https:\/\/schema.org","@graph":[{"@type":"WebPage","@id":"https:\/\/chuannhat.jp\/?page_id=1561","url":"https:\/\/chuannhat.jp\/?page_id=1561","name":"\u6b63\u89e3 VISA | M\u1ea0NH NGUY\u1ec4N LEGAL","isPartOf":{"@id":"https:\/\/chuannhat.jp\/#website"},"primaryImageOfPage":{"@id":"https:\/\/chuannhat.jp\/?page_id=1561#primaryimage"},"image":{"@id":"https:\/\/chuannhat.jp\/?page_id=1561#primaryimage"},"thumbnailUrl":"https:\/\/chuannhat.jp\/wp-content\/uploads\/2024\/03\/z5248408234036_2089921bb52108dc04c8097951aa6d2e-300x169.jpg","datePublished":"2024-03-14T08:24:53+00:00","dateModified":"2024-03-20T09:01:49+00:00","description":"M\u1ea0NH NGUY\u1ec4N LEGAL","breadcrumb":{"@id":"https:\/\/chuannhat.jp\/?page_id=1561#breadcrumb"},"inLanguage":"vi","potentialAction":[{"@type":"ReadAction","target":["https:\/\/chuannhat.jp\/?page_id=1561"]}]},{"@type":"ImageObject","inLanguage":"vi","@id":"https:\/\/chuannhat.jp\/?page_id=1561#primaryimage","url":"https:\/\/chuannhat.jp\/wp-content\/uploads\/2024\/03\/z5248408234036_2089921bb52108dc04c8097951aa6d2e.jpg","contentUrl":"https:\/\/chuannhat.jp\/wp-content\/uploads\/2024\/03\/z5248408234036_2089921bb52108dc04c8097951aa6d2e.jpg","width":1276,"height":718},{"@type":"BreadcrumbList","@id":"https:\/\/chuannhat.jp\/?page_id=1561#breadcrumb","itemListElement":[{"@type":"ListItem","position":1,"name":"Trang ch\u1ee7","item":"https:\/\/chuannhat.jp\/"},{"@type":"ListItem","position":2,"name":"\u6b63\u89e3 VISA"}]},{"@type":"WebSite","@id":"https:\/\/chuannhat.jp\/#website","url":"https:\/\/chuannhat.jp\/","name":"VISA CHU\u1ea8N NH\u1eacT","description":"VISA KINH DOANH","publisher":{"@id":"https:\/\/chuannhat.jp\/#organization"},"alternateName":"VISA KINH DOANH","potentialAction":[{"@type":"SearchAction","target":{"@type":"EntryPoint","urlTemplate":"https:\/\/chuannhat.jp\/?s={search_term_string}"},"query-input":{"@type":"PropertyValueSpecification","valueRequired":true,"valueName":"search_term_string"}}],"inLanguage":"vi"},{"@type":"Organization","@id":"https:\/\/chuannhat.jp\/#organization","name":"VISA KINH DOANH","alternateName":"VISA KINH DOANH","url":"https:\/\/chuannhat.jp\/","logo":{"@type":"ImageObject","inLanguage":"vi","@id":"https:\/\/chuannhat.jp\/#\/schema\/logo\/image\/","url":"https:\/\/chuannhat.jp\/wp-content\/uploads\/2024\/03\/chuanvisa-.jp-3.png","contentUrl":"https:\/\/chuannhat.jp\/wp-content\/uploads\/2024\/03\/chuanvisa-.jp-3.png","width":497,"height":123,"caption":"VISA KINH DOANH"},"image":{"@id":"https:\/\/chuannhat.jp\/#\/schema\/logo\/image\/"},"sameAs":["https:\/\/www.facebook.com\/manhnguyenlegal\/"]}]}},"_links":{"self":[{"href":"https:\/\/chuannhat.jp\/index.php?rest_route=\/wp\/v2\/pages\/1561","targetHints":{"allow":["GET"]}}],"collection":[{"href":"https:\/\/chuannhat.jp\/index.php?rest_route=\/wp\/v2\/pages"}],"about":[{"href":"https:\/\/chuannhat.jp\/index.php?rest_route=\/wp\/v2\/types\/page"}],"author":[{"embeddable":true,"href":"https:\/\/chuannhat.jp\/index.php?rest_route=\/wp\/v2\/users\/1"}],"replies":[{"embeddable":true,"href":"https:\/\/chuannhat.jp\/index.php?rest_route=%2Fwp%2Fv2%2Fcomments&post=1561"}],"version-history":[{"count":6,"href":"https:\/\/chuannhat.jp\/index.php?rest_route=\/wp\/v2\/pages\/1561\/revisions"}],"predecessor-version":[{"id":1769,"href":"https:\/\/chuannhat.jp\/index.php?rest_route=\/wp\/v2\/pages\/1561\/revisions\/1769"}],"wp:attachment":[{"href":"https:\/\/chuannhat.jp\/index.php?rest_route=%2Fwp%2Fv2%2Fmedia&parent=1561"}],"curies":[{"name":"wp","href":"https:\/\/api.w.org\/{rel}","templated":true}]}}